{"id":167,"date":"2023-03-14T13:14:51","date_gmt":"2023-03-14T13:14:51","guid":{"rendered":"https:\/\/arfd.be\/site2\/?page_id=167"},"modified":"2023-03-29T21:27:45","modified_gmt":"2023-03-29T21:27:45","slug":"sciences","status":"publish","type":"page","link":"https:\/\/arfd.be\/site2\/nos-options\/sciences\/","title":{"rendered":"Sciences"},"content":{"rendered":"\n<figure class=\"wp-block-image size-full\"><img loading=\"lazy\" decoding=\"async\" width=\"512\" height=\"341\" src=\"https:\/\/arfd.be\/site2\/wp-content\/uploads\/2023\/03\/sciences2.jpg\" alt=\"\" class=\"wp-image-168\" srcset=\"https:\/\/arfd.be\/site2\/wp-content\/uploads\/2023\/03\/sciences2.jpg 512w, https:\/\/arfd.be\/site2\/wp-content\/uploads\/2023\/03\/sciences2-300x200.jpg 300w\" sizes=\"auto, (max-width: 512px) 100vw, 512px\" \/><\/figure>\n\n\n\n<section id=\"gmcf99026\" class=\"wp-block-gutentor-m4 section-gmcf99026 gutentor-module gutentor-advanced-columns\"><div class=\"grid-container\"><div class=\"grid-row\">\n<div id=\"col-gm217299\" class=\"wp-block-gutentor-m4-col col-gm217299 gutentor-single-column  grid-lg-4 grid-md-12 grid-12\"><div id=\"section-gm217299\" class=\"section-gm217299 gutentor-col-wrap\">\n<p class=\"has-medium-font-size\">L\u2019option scientifique en r\u00e9sum\u00e9\u2026<\/p>\n\n\n\n<p>La section scientifique propose plusieurs grilles horaires ayant pour but de pr\u00e9parer au mieux nos \u00e9l\u00e8ves \u00e0 toutes les formes d\u2019enseignement sup\u00e9rieur \u00e0 caract\u00e8re scientifique : ing\u00e9nieurs, masters et baccalaur\u00e9at scientifiques, mais aussi de les former aux \u00e9tudes en kin\u00e9sith\u00e9rapie, di\u00e9t\u00e9tique, soins infirmiers\u2026&nbsp;<\/p>\n\n\n\n<p>Ainsi, pour optimaliser la formation, les \u00e9l\u00e8ves peuvent choisir entre une orientation permettant d\u2019avoir<strong>&nbsp;plus d\u2019heures de math\u00e9matiques<\/strong>, permettant la participation \u00e0 des&nbsp;<strong>s\u00e9ances de pratiques de laboratoire<\/strong>, une&nbsp;<strong>activit\u00e9 compl\u00e9mentaire en physique<\/strong>&nbsp;ou encore de favoriser l\u2019apprentissage d\u2019une seconde langue \u00e9trang\u00e8re.&nbsp;<\/p>\n\n\n\n<p>Quels que soient ces choix au sein de la fili\u00e8re scientifique, la p\u00e9dagogie suivie permet de partir de l\u2019observation et du questionnement relatif \u00e0 divers ph\u00e9nom\u00e8nes afin de faire acqu\u00e9rir aux \u00e9l\u00e8ves la d\u00e9marche, l\u2019organisation et la structuration de raisonnements scientifiques. Parall\u00e8lement au cursus th\u00e9orique, les heures de pratiques de laboratoire permettent de confronter les aspects th\u00e9oriques de la d\u00e9marche exp\u00e9rimentale ou encore de permettre aux \u00e9l\u00e8ves de mener \u00e0 bien un projet scientifique.&nbsp;<\/p>\n\n\n\n<p>La section scientifique participe aussi \u00e0 des<strong>&nbsp;concours organis\u00e9s<\/strong>&nbsp;par des instances scientifiques (olympiades en sciences et en math\u00e9matiques, Exp\u2019osons). Ces diff\u00e9rentes activit\u00e9s permettent aux \u00e9l\u00e8ves de se confronter aux crit\u00e8res d\u2019excellence formul\u00e9s par les organisateurs universitaires.&nbsp;<\/p>\n\n\n\n<p>Il est \u00e0 noter que les cours de sciences dispens\u00e9s dans les autres sections de l\u2019enseignement g\u00e9n\u00e9ral n\u2019ont pas pour objectif la pr\u00e9paration \u00e0 des \u00e9tudes scientifiques. Leur objectif principal est de permettre \u00e0 l\u2019\u00e9l\u00e8ve de mieux appr\u00e9hender son environnement, les ph\u00e9nom\u00e8nes qui l\u2019entourent afin de pouvoir formuler un avis argument\u00e9 sur des probl\u00e8mes de soci\u00e9t\u00e9 \u00e0 caract\u00e8re scientifique.<\/p>\n\n\n\n<p><\/p>\n<\/div><\/div>\n\n\n\n<div id=\"col-gm78427f\" class=\"wp-block-gutentor-m4-col col-gm78427f gutentor-single-column  grid-lg-4 grid-md-12 grid-12\"><div id=\"section-gm78427f\" class=\"section-gm78427f gutentor-col-wrap\">\n<div id=\"section-g83e96e\" class=\"wp-block-gutentor-e6 section-g83e96e gutentor-element gutentor-element-image\"><div class=\"gutentor-element-image-box\"><div class=\"gutentor-image-thumb\"><img decoding=\"async\" class=\"normal-image\" src=\"https:\/\/arfd.be\/site2\/wp-content\/uploads\/2023\/03\/79373640_2670994209851865_2032300579400712192_n.jpg\"\/><\/div><\/div><\/div>\n\n\n\n<p><\/p>\n\n\n\n<div id=\"section-g49bc5b\" class=\"wp-block-gutentor-e6 section-g49bc5b gutentor-element gutentor-element-image\"><div class=\"gutentor-element-image-box\"><div class=\"gutentor-image-thumb\"><img decoding=\"async\" class=\"normal-image\" src=\"https:\/\/arfd.be\/site2\/wp-content\/uploads\/2023\/03\/80249232_2670995023185117_8827223984551493632_o.jpg\"\/><\/div><\/div><\/div>\n\n\n\n<p><\/p>\n\n\n\n<div id=\"section-g96c965\" class=\"wp-block-gutentor-e6 section-g96c965 gutentor-element gutentor-element-image\"><div class=\"gutentor-element-image-box\"><div class=\"gutentor-image-thumb\"><img decoding=\"async\" class=\"normal-image\" src=\"https:\/\/arfd.be\/site2\/wp-content\/uploads\/2023\/03\/IMG_20170428_143105-scaled-1.jpg\"\/><\/div><\/div><\/div>\n\n\n\n<p><\/p>\n\n\n\n<div id=\"section-g90fb6e\" class=\"wp-block-gutentor-e6 section-g90fb6e gutentor-element gutentor-element-image\"><div class=\"gutentor-element-image-box\"><div class=\"gutentor-image-thumb\"><img decoding=\"async\" class=\"normal-image\" src=\"https:\/\/arfd.be\/site2\/wp-content\/uploads\/2023\/03\/IMG_20170428_143404-scaled-1.jpg\"\/><\/div><\/div><\/div>\n\n\n\n<p><\/p>\n\n\n\n<div id=\"section-gbec146\" class=\"wp-block-gutentor-e6 section-gbec146 gutentor-element gutentor-element-image\"><div class=\"gutentor-element-image-box\"><div class=\"gutentor-image-thumb\"><img decoding=\"async\" class=\"normal-image\" src=\"https:\/\/arfd.be\/site2\/wp-content\/uploads\/2023\/03\/IMG_20170429_161900-scaled-1.jpg\"\/><\/div><\/div><\/div>\n\n\n\n<p><\/p>\n<\/div><\/div>\n\n\n\n<div id=\"col-gma60570\" class=\"wp-block-gutentor-m4-col col-gma60570 gutentor-single-column  grid-lg-4 grid-md-12 grid-12\"><div id=\"section-gma60570\" class=\"section-gma60570 gutentor-col-wrap\">\n<div id=\"section-g637db9\" class=\"wp-block-gutentor-e6 section-g637db9 gutentor-element gutentor-element-image\"><div class=\"gutentor-element-image-box\"><div class=\"gutentor-image-thumb\"><img decoding=\"async\" class=\"normal-image\" src=\"https:\/\/arfd.be\/site2\/wp-content\/uploads\/2023\/03\/speleo.jpg\"\/><\/div><\/div><\/div>\n\n\n\n<p><\/p>\n\n\n\n<div id=\"section-gcca0c3\" class=\"wp-block-gutentor-e6 section-gcca0c3 gutentor-element gutentor-element-image\"><div class=\"gutentor-element-image-box\"><div class=\"gutentor-image-thumb\"><img decoding=\"async\" class=\"normal-image\" src=\"https:\/\/arfd.be\/site2\/wp-content\/uploads\/2023\/03\/xperilab.jpg\"\/><\/div><\/div><\/div>\n\n\n\n<p><\/p>\n\n\n\n<div id=\"section-g51e3a4\" class=\"wp-block-gutentor-e6 section-g51e3a4 gutentor-element gutentor-element-image\"><div class=\"gutentor-element-image-box\"><div class=\"gutentor-image-thumb\"><img decoding=\"async\" class=\"normal-image\" src=\"https:\/\/arfd.be\/site2\/wp-content\/uploads\/2023\/03\/58551684_2484186245199330_2456383541378809856_o.jpg\"\/><\/div><\/div><\/div>\n\n\n\n<p><\/p>\n<\/div><\/div>\n<\/div><\/div><\/section>\n\n\n\n<p class=\"has-medium-font-size\"><\/p>\n\n\n\n<p class=\"has-white-color has-vivid-cyan-blue-background-color has-text-color has-background has-medium-font-size\"><strong>Les d\u00e9bouch\u00e9s<\/strong><\/p>\n\n\n\n<p>L\u2019option scientifique oriente nos \u00e9l\u00e8ves vers toutes les \u00e9tudes sup\u00e9rieures, de pr\u00e9f\u00e9rence \u00e0 caract\u00e8re scientifique (telles que ing\u00e9nieur civil, sciences pures(master), v\u00e9t\u00e9rinaire, pharmacien, m\u00e9decin,\u2026) et\/ou technique (comme les graduats en \u00e9lectrom\u00e9canique, \u00e9lectronique, laborantin, horticulteur, ing\u00e9nieur industriel, \u2026).<\/p>\n\n\n\n<h3 class=\"wp-block-heading\"><a href=\"https:\/\/arfd.be\/site\/wp-content\/uploads\/2020\/06\/79373640_2670994209851865_2032300579400712192_n.jpg\"><\/a><a href=\"https:\/\/arfd.be\/site\/wp-content\/uploads\/2020\/06\/80249232_2670995023185117_8827223984551493632_o.jpg\"><\/a><a href=\"https:\/\/arfd.be\/site\/wp-content\/uploads\/2020\/06\/IMG_20170428_143105-scaled.jpg\"><\/a><\/h3>\n\n\n\n<p><a href=\"https:\/\/arfd.be\/site\/wp-content\/uploads\/2020\/06\/IMG_20170429_161900-scaled.jpg\"><\/a><\/p>\n\n\n\n<h3 class=\"wp-block-heading\"><a href=\"https:\/\/arfd.be\/site\/wp-content\/uploads\/2020\/06\/58551684_2484186245199330_2456383541378809856_o.jpg\"><\/a><\/h3>\n","protected":false},"excerpt":{"rendered":"<p>La section scientifique propose plusieurs grilles horaire ayant pour but de pr\u00e9parer au mieux nos \u00e9l\u00e8ves \u00e0 toutes les formes d\u2019enseignement sup\u00e9rieur \u00e0 caract\u00e8re scientifique :<br \/>\ning\u00e9nieurs,  masters et baccalaur\u00e9at scientifiques, mais aussi de les former aux \u00e9tudes en kin\u00e9sith\u00e9rapie,  di\u00e9t\u00e9tique,  soins infirmiers\u2026 <\/p>\n","protected":false},"author":1,"featured_media":168,"parent":410,"menu_order":0,"comment_status":"closed","ping_status":"closed","template":"","meta":{"footnotes":""},"class_list":["post-167","page","type-page","status-publish","has-post-thumbnail","hentry"],"_links":{"self":[{"href":"https:\/\/arfd.be\/site2\/wp-json\/wp\/v2\/pages\/167","targetHints":{"allow":["GET"]}}],"collection":[{"href":"https:\/\/arfd.be\/site2\/wp-json\/wp\/v2\/pages"}],"about":[{"href":"https:\/\/arfd.be\/site2\/wp-json\/wp\/v2\/types\/page"}],"author":[{"embeddable":true,"href":"https:\/\/arfd.be\/site2\/wp-json\/wp\/v2\/users\/1"}],"replies":[{"embeddable":true,"href":"https:\/\/arfd.be\/site2\/wp-json\/wp\/v2\/comments?post=167"}],"version-history":[{"count":21,"href":"https:\/\/arfd.be\/site2\/wp-json\/wp\/v2\/pages\/167\/revisions"}],"predecessor-version":[{"id":667,"href":"https:\/\/arfd.be\/site2\/wp-json\/wp\/v2\/pages\/167\/revisions\/667"}],"up":[{"embeddable":true,"href":"https:\/\/arfd.be\/site2\/wp-json\/wp\/v2\/pages\/410"}],"wp:featuredmedia":[{"embeddable":true,"href":"https:\/\/arfd.be\/site2\/wp-json\/wp\/v2\/media\/168"}],"wp:attachment":[{"href":"https:\/\/arfd.be\/site2\/wp-json\/wp\/v2\/media?parent=167"}],"curies":[{"name":"wp","href":"https:\/\/api.w.org\/{rel}","templated":true}]}}